{"id":141,"date":"2025-12-17T09:37:45","date_gmt":"2025-12-17T09:37:45","guid":{"rendered":"http:\/\/byvvwhp.cluster121.hosting.ovh.net\/?page_id=141"},"modified":"2025-12-17T10:33:06","modified_gmt":"2025-12-17T10:33:06","slug":"politique-de-confidantialite","status":"publish","type":"page","link":"https:\/\/gaschomeconciergerie.fr\/index.php\/politique-de-confidantialite\/","title":{"rendered":"Politique de confidentialit\u00e9"},"content":{"rendered":"\t\t<div data-elementor-type=\"wp-page\" data-elementor-id=\"141\" class=\"elementor elementor-141\">\n\t\t\t\t<div class=\"elementor-element elementor-element-5afd7fe e-flex e-con-boxed e-con e-parent\" data-id=\"5afd7fe\" data-element_type=\"container\" data-e-type=\"container\">\n\t\t\t\t\t<div class=\"e-con-inner\">\n\t\t\t\t<div class=\"elementor-element elementor-element-3b92504 elementor-widget elementor-widget-text-editor\" data-id=\"3b92504\" data-element_type=\"widget\" data-e-type=\"widget\" data-widget_type=\"text-editor.default\">\n\t\t\t\t\t\t\t\t\t<p><strong>Politique de protection des donn\u00e9es personnelles<\/strong><\/p>\n<p>Votre vie priv\u00e9e est importante pour nous. Cette politique explique quelles informations nous collectons sur notre site, comment elles sont utilis\u00e9es, prot\u00e9g\u00e9es et vos droits en mati\u00e8re de donn\u00e9es personnelles.<\/p>\n<ol>\n<li><strong> Responsable du traitement<\/strong><br>Le site est g\u00e9r\u00e9 par Christel Gasc, fondatrice et gestionnaire de l\u2019activit\u00e9 de conciergerie. Toutes les donn\u00e9es collect\u00e9es sont trait\u00e9es sous sa responsabilit\u00e9.<\/li>\n<li><strong> Donn\u00e9es collect\u00e9es<\/strong><br>Nous collectons uniquement les informations n\u00e9cessaires pour fournir nos services et r\u00e9pondre \u00e0 vos demandes via le site. Cela inclut :<\/li>\n<\/ol>\n<ul>\n<li>Nom et pr\u00e9nom<\/li>\n<li>Adresse e-mail<\/li>\n<li>Num\u00e9ro de t\u00e9l\u00e9phone si vous le fournissez<\/li>\n<li>Donn\u00e9es de navigation (adresse IP, navigateur)<\/li>\n<li>Cookies pour le fonctionnement et la mesure d\u2019audience<\/li>\n<\/ul>\n<p>Aucune donn\u00e9e bancaire ou sensible n\u2019est collect\u00e9e, car toutes les r\u00e9servations se font via la plateforme Booking.com.<\/p>\n<ol start=\"3\">\n<li><strong> Finalit\u00e9s du traitement<\/strong><br>Vos donn\u00e9es sont utilis\u00e9es uniquement pour :<\/li>\n<\/ol>\n<ul>\n<li>R\u00e9pondre \u00e0 vos demandes via le formulaire de contact<\/li>\n<li>Am\u00e9liorer le site et ses services<\/li>\n<li>G\u00e9rer vos droits relatifs \u00e0 vos donn\u00e9es personnelles (acc\u00e8s, modification, suppression, etc.)<\/li>\n<\/ul>\n<ol start=\"4\">\n<li><strong> Bases l\u00e9gales<\/strong><br>Le traitement de vos donn\u00e9es repose sur :<\/li>\n<\/ol>\n<ul>\n<li>Votre consentement, lorsque vous nous envoyez vos informations via le formulaire de contact<\/li>\n<li>L\u2019ex\u00e9cution d\u2019une demande ou service que vous sollicitez<\/li>\n<li>Le respect d\u2019une obligation l\u00e9gale<\/li>\n<\/ul>\n<ol start=\"5\">\n<li><strong> Destinataires et sous-traitants<\/strong><br>Vos donn\u00e9es peuvent \u00eatre consult\u00e9es par :<\/li>\n<\/ol>\n<ul>\n<li>Christel Gasc, responsable du site et de la conciergerie<\/li>\n<li>L\u2019h\u00e9bergeur OVHcloud (situ\u00e9 en France, UE) pour la maintenance du site<\/li>\n<li>La plateforme Booking.com, responsable des donn\u00e9es li\u00e9es aux r\u00e9servations, situ\u00e9e hors UE (transfert encadr\u00e9 par les clauses contractuelles types de l\u2019UE)<\/li>\n<\/ul>\n<p>Aucun autre transfert hors UE n\u2019est effectu\u00e9.<\/p>\n<ol start=\"6\">\n<li><strong> Dur\u00e9e de conservation<\/strong><\/li>\n<\/ol>\n<ul>\n<li>Donn\u00e9es de contact : conserv\u00e9es pendant 3 ans \u00e0 compter du dernier \u00e9change<\/li>\n<li>Cookies : conserv\u00e9s pour une dur\u00e9e maximale de 13 mois<\/li>\n<\/ul>\n<ol start=\"7\">\n<li><strong> S\u00e9curit\u00e9 des donn\u00e9es<\/strong><br>Nous mettons en place des mesures techniques et organisationnelles pour prot\u00e9ger vos donn\u00e9es contre toute perte, utilisation abusive, acc\u00e8s non autoris\u00e9 ou divulgation. Les prestataires et sous-traitants respectent le m\u00eame niveau de s\u00e9curit\u00e9.<\/li>\n<li><strong> Vos droits<\/strong><br>Conform\u00e9ment au RGPD, vous pouvez :<\/li>\n<\/ol>\n<ul>\n<li>Acc\u00e9der \u00e0 vos donn\u00e9es<\/li>\n<li>Les rectifier ou les mettre \u00e0 jour<\/li>\n<li>Demander leur suppression<\/li>\n<li>Limiter ou vous opposer \u00e0 leur traitement<\/li>\n<li>Demander la portabilit\u00e9 de vos donn\u00e9es<\/li>\n<\/ul>\n<p>Pour exercer vos droits, contactez Christel Gasc \u00e0 l\u2019adresse e-mail suivante : [adresse e-mail \u00e0 compl\u00e9ter].&nbsp;<\/p>\n<ol start=\"9\">\n<li><strong> Cookies<\/strong><br>Nous utilisons des cookies pour le bon fonctionnement du site et pour analyser la fr\u00e9quentation. Vous pouvez g\u00e9rer ou refuser les cookies via les param\u00e8tres de votre navigateur.<\/li>\n<li><strong> Modifications de la politique<\/strong><br>Cette politique peut \u00eatre mise \u00e0 jour pour tenir compte des \u00e9volutions l\u00e9gales ou techniques. Nous vous invitons \u00e0 la consulter r\u00e9guli\u00e8rement sur le site.<\/li>\n<\/ol>\n<p>Cette politique est conforme aux obligations RGPD et \u00e0 la l\u00e9gislation fran\u00e7aise sur la protection des donn\u00e9es personnelles.<\/p>\n<p><\/p>\t\t\t\t\t\t\t\t<\/div>\n\t\t\t\t\t<\/div>\n\t\t\t\t<\/div>\n\t\t\t\t<\/div>\n\t\t","protected":false},"excerpt":{"rendered":"<p>Politique de protection des donn\u00e9es personnelles Votre vie priv\u00e9e est importante pour nous. Cette politique explique quelles informations nous collectons sur notre site, comment elles sont utilis\u00e9es, prot\u00e9g\u00e9es et vos droits en mati\u00e8re de donn\u00e9es personnelles. Responsable du traitementLe site est g\u00e9r\u00e9 par Christel Gasc, fondatrice et gestionnaire de l\u2019activit\u00e9 de conciergerie. Toutes les donn\u00e9es [&hellip;]<\/p>\n","protected":false},"author":1,"featured_media":0,"parent":0,"menu_order":0,"comment_status":"closed","ping_status":"closed","template":"","meta":{"footnotes":""},"class_list":["post-141","page","type-page","status-publish","hentry"],"yoast_head":"<!-- This site is optimized with the Yoast SEO plugin v27.4 - https:\/\/yoast.com\/product\/yoast-seo-wordpress\/ -->\n<title>Politique de confidentialit\u00e9 - Gasc&#039;home Conciergerie<\/title>\n<meta name=\"robots\" content=\"index, follow, max-snippet:-1, max-image-preview:large, max-video-preview:-1\" \/>\n<link rel=\"canonical\" href=\"https:\/\/gaschomeconciergerie.fr\/index.php\/politique-de-confidantialite\/\" \/>\n<meta property=\"og:locale\" content=\"fr_FR\" \/>\n<meta property=\"og:type\" content=\"article\" \/>\n<meta property=\"og:title\" content=\"Politique de confidentialit\u00e9 - Gasc&#039;home Conciergerie\" \/>\n<meta property=\"og:description\" content=\"Politique de protection des donn\u00e9es personnelles Votre vie priv\u00e9e est importante pour nous. Cette politique explique quelles informations nous collectons sur notre site, comment elles sont utilis\u00e9es, prot\u00e9g\u00e9es et vos droits en mati\u00e8re de donn\u00e9es personnelles. Responsable du traitementLe site est g\u00e9r\u00e9 par Christel Gasc, fondatrice et gestionnaire de l\u2019activit\u00e9 de conciergerie. Toutes les donn\u00e9es [&hellip;]\" \/>\n<meta property=\"og:url\" content=\"https:\/\/gaschomeconciergerie.fr\/index.php\/politique-de-confidantialite\/\" \/>\n<meta property=\"og:site_name\" content=\"Gasc&#039;home Conciergerie\" \/>\n<meta property=\"article:modified_time\" content=\"2025-12-17T10:33:06+00:00\" \/>\n<meta name=\"twitter:card\" content=\"summary_large_image\" \/>\n<meta name=\"twitter:label1\" content=\"Dur\u00e9e de lecture estim\u00e9e\" \/>\n\t<meta name=\"twitter:data1\" content=\"2 minutes\" \/>\n<script type=\"application\/ld+json\" class=\"yoast-schema-graph\">{\"@context\":\"https:\\\/\\\/schema.org\",\"@graph\":[{\"@type\":\"WebPage\",\"@id\":\"https:\\\/\\\/gaschomeconciergerie.fr\\\/index.php\\\/politique-de-confidantialite\\\/\",\"url\":\"https:\\\/\\\/gaschomeconciergerie.fr\\\/index.php\\\/politique-de-confidantialite\\\/\",\"name\":\"Politique de confidentialit\u00e9 - Gasc&#039;home Conciergerie\",\"isPartOf\":{\"@id\":\"https:\\\/\\\/gaschomeconciergerie.fr\\\/#website\"},\"datePublished\":\"2025-12-17T09:37:45+00:00\",\"dateModified\":\"2025-12-17T10:33:06+00:00\",\"breadcrumb\":{\"@id\":\"https:\\\/\\\/gaschomeconciergerie.fr\\\/index.php\\\/politique-de-confidantialite\\\/#breadcrumb\"},\"inLanguage\":\"fr-FR\",\"potentialAction\":[{\"@type\":\"ReadAction\",\"target\":[\"https:\\\/\\\/gaschomeconciergerie.fr\\\/index.php\\\/politique-de-confidantialite\\\/\"]}]},{\"@type\":\"BreadcrumbList\",\"@id\":\"https:\\\/\\\/gaschomeconciergerie.fr\\\/index.php\\\/politique-de-confidantialite\\\/#breadcrumb\",\"itemListElement\":[{\"@type\":\"ListItem\",\"position\":1,\"name\":\"Accueil\",\"item\":\"https:\\\/\\\/gaschomeconciergerie.fr\\\/\"},{\"@type\":\"ListItem\",\"position\":2,\"name\":\"Politique de confidentialit\u00e9\"}]},{\"@type\":\"WebSite\",\"@id\":\"https:\\\/\\\/gaschomeconciergerie.fr\\\/#website\",\"url\":\"https:\\\/\\\/gaschomeconciergerie.fr\\\/\",\"name\":\"Gasc&#039;home Conciergerie\",\"description\":\"\",\"publisher\":{\"@id\":\"https:\\\/\\\/gaschomeconciergerie.fr\\\/#organization\"},\"potentialAction\":[{\"@type\":\"SearchAction\",\"target\":{\"@type\":\"EntryPoint\",\"urlTemplate\":\"https:\\\/\\\/gaschomeconciergerie.fr\\\/?s={search_term_string}\"},\"query-input\":{\"@type\":\"PropertyValueSpecification\",\"valueRequired\":true,\"valueName\":\"search_term_string\"}}],\"inLanguage\":\"fr-FR\"},{\"@type\":\"Organization\",\"@id\":\"https:\\\/\\\/gaschomeconciergerie.fr\\\/#organization\",\"name\":\"Gasc&#039;home Conciergerie\",\"url\":\"https:\\\/\\\/gaschomeconciergerie.fr\\\/\",\"logo\":{\"@type\":\"ImageObject\",\"inLanguage\":\"fr-FR\",\"@id\":\"https:\\\/\\\/gaschomeconciergerie.fr\\\/#\\\/schema\\\/logo\\\/image\\\/\",\"url\":\"https:\\\/\\\/gaschomeconciergerie.fr\\\/wp-content\\\/uploads\\\/2026\\\/04\\\/cropped-cropped-35A61B6B-542F-4E40-8194-3E005C3DEEED-e1776858652174-1.png\",\"contentUrl\":\"https:\\\/\\\/gaschomeconciergerie.fr\\\/wp-content\\\/uploads\\\/2026\\\/04\\\/cropped-cropped-35A61B6B-542F-4E40-8194-3E005C3DEEED-e1776858652174-1.png\",\"width\":602,\"height\":573,\"caption\":\"Gasc&#039;home Conciergerie\"},\"image\":{\"@id\":\"https:\\\/\\\/gaschomeconciergerie.fr\\\/#\\\/schema\\\/logo\\\/image\\\/\"}}]}<\/script>\n<!-- \/ Yoast SEO plugin. -->","yoast_head_json":{"title":"Politique de confidentialit\u00e9 - Gasc&#039;home Conciergerie","robots":{"index":"index","follow":"follow","max-snippet":"max-snippet:-1","max-image-preview":"max-image-preview:large","max-video-preview":"max-video-preview:-1"},"canonical":"https:\/\/gaschomeconciergerie.fr\/index.php\/politique-de-confidantialite\/","og_locale":"fr_FR","og_type":"article","og_title":"Politique de confidentialit\u00e9 - Gasc&#039;home Conciergerie","og_description":"Politique de protection des donn\u00e9es personnelles Votre vie priv\u00e9e est importante pour nous. Cette politique explique quelles informations nous collectons sur notre site, comment elles sont utilis\u00e9es, prot\u00e9g\u00e9es et vos droits en mati\u00e8re de donn\u00e9es personnelles. Responsable du traitementLe site est g\u00e9r\u00e9 par Christel Gasc, fondatrice et gestionnaire de l\u2019activit\u00e9 de conciergerie. Toutes les donn\u00e9es [&hellip;]","og_url":"https:\/\/gaschomeconciergerie.fr\/index.php\/politique-de-confidantialite\/","og_site_name":"Gasc&#039;home Conciergerie","article_modified_time":"2025-12-17T10:33:06+00:00","twitter_card":"summary_large_image","twitter_misc":{"Dur\u00e9e de lecture estim\u00e9e":"2 minutes"},"schema":{"@context":"https:\/\/schema.org","@graph":[{"@type":"WebPage","@id":"https:\/\/gaschomeconciergerie.fr\/index.php\/politique-de-confidantialite\/","url":"https:\/\/gaschomeconciergerie.fr\/index.php\/politique-de-confidantialite\/","name":"Politique de confidentialit\u00e9 - Gasc&#039;home Conciergerie","isPartOf":{"@id":"https:\/\/gaschomeconciergerie.fr\/#website"},"datePublished":"2025-12-17T09:37:45+00:00","dateModified":"2025-12-17T10:33:06+00:00","breadcrumb":{"@id":"https:\/\/gaschomeconciergerie.fr\/index.php\/politique-de-confidantialite\/#breadcrumb"},"inLanguage":"fr-FR","potentialAction":[{"@type":"ReadAction","target":["https:\/\/gaschomeconciergerie.fr\/index.php\/politique-de-confidantialite\/"]}]},{"@type":"BreadcrumbList","@id":"https:\/\/gaschomeconciergerie.fr\/index.php\/politique-de-confidantialite\/#breadcrumb","itemListElement":[{"@type":"ListItem","position":1,"name":"Accueil","item":"https:\/\/gaschomeconciergerie.fr\/"},{"@type":"ListItem","position":2,"name":"Politique de confidentialit\u00e9"}]},{"@type":"WebSite","@id":"https:\/\/gaschomeconciergerie.fr\/#website","url":"https:\/\/gaschomeconciergerie.fr\/","name":"Gasc&#039;home Conciergerie","description":"","publisher":{"@id":"https:\/\/gaschomeconciergerie.fr\/#organization"},"potentialAction":[{"@type":"SearchAction","target":{"@type":"EntryPoint","urlTemplate":"https:\/\/gaschomeconciergerie.fr\/?s={search_term_string}"},"query-input":{"@type":"PropertyValueSpecification","valueRequired":true,"valueName":"search_term_string"}}],"inLanguage":"fr-FR"},{"@type":"Organization","@id":"https:\/\/gaschomeconciergerie.fr\/#organization","name":"Gasc&#039;home Conciergerie","url":"https:\/\/gaschomeconciergerie.fr\/","logo":{"@type":"ImageObject","inLanguage":"fr-FR","@id":"https:\/\/gaschomeconciergerie.fr\/#\/schema\/logo\/image\/","url":"https:\/\/gaschomeconciergerie.fr\/wp-content\/uploads\/2026\/04\/cropped-cropped-35A61B6B-542F-4E40-8194-3E005C3DEEED-e1776858652174-1.png","contentUrl":"https:\/\/gaschomeconciergerie.fr\/wp-content\/uploads\/2026\/04\/cropped-cropped-35A61B6B-542F-4E40-8194-3E005C3DEEED-e1776858652174-1.png","width":602,"height":573,"caption":"Gasc&#039;home Conciergerie"},"image":{"@id":"https:\/\/gaschomeconciergerie.fr\/#\/schema\/logo\/image\/"}}]}},"_links":{"self":[{"href":"https:\/\/gaschomeconciergerie.fr\/index.php\/wp-json\/wp\/v2\/pages\/141","targetHints":{"allow":["GET"]}}],"collection":[{"href":"https:\/\/gaschomeconciergerie.fr\/index.php\/wp-json\/wp\/v2\/pages"}],"about":[{"href":"https:\/\/gaschomeconciergerie.fr\/index.php\/wp-json\/wp\/v2\/types\/page"}],"author":[{"embeddable":true,"href":"https:\/\/gaschomeconciergerie.fr\/index.php\/wp-json\/wp\/v2\/users\/1"}],"replies":[{"embeddable":true,"href":"https:\/\/gaschomeconciergerie.fr\/index.php\/wp-json\/wp\/v2\/comments?post=141"}],"version-history":[{"count":5,"href":"https:\/\/gaschomeconciergerie.fr\/index.php\/wp-json\/wp\/v2\/pages\/141\/revisions"}],"predecessor-version":[{"id":175,"href":"https:\/\/gaschomeconciergerie.fr\/index.php\/wp-json\/wp\/v2\/pages\/141\/revisions\/175"}],"wp:attachment":[{"href":"https:\/\/gaschomeconciergerie.fr\/index.php\/wp-json\/wp\/v2\/media?parent=141"}],"curies":[{"name":"wp","href":"https:\/\/api.w.org\/{rel}","templated":true}]}}